{"id":2,"date":"2023-07-19T17:05:29","date_gmt":"2023-07-19T15:05:29","guid":{"rendered":"http:\/\/www.rallyestouristiques.fr\/?page_id=2"},"modified":"2024-02-04T18:36:42","modified_gmt":"2024-02-04T17:36:42","slug":"page-d-exemple","status":"publish","type":"page","link":"https:\/\/www.rallyestouristiques.fr\/","title":{"rendered":"Bienvenue !"},"content":{"rendered":"\n<p class=\"has-text-align-left\">&nbsp;&nbsp;&nbsp;&nbsp;&nbsp;&nbsp;&nbsp;&nbsp;<img loading=\"lazy\" decoding=\"async\" width=\"133\" height=\"161\" class=\"wp-image-63\" style=\"width: 133px;\" src=\"http:\/\/www.rallyestouristiques.fr\/wp-content\/uploads\/2024\/02\/JAL.jpg\" alt=\"\">&nbsp;  A l\u2019aube des ann\u00e9es 2000, nous refaisions le monde autour d\u2019un vieux rhum par une belle nuit d\u2019\u00e9t\u00e9. j\u2019\u00e9voquais avec Daniel mon exp\u00e9rience en tant que participant puis organisateur de rallyes touristiques quelques temps avant et ce dans le but de passer un bon moment entre amis tout en d\u00e9couvrant nos agr\u00e9ables r\u00e9gions .<\/p>\n\n\n\n<p>&nbsp;&nbsp;&nbsp;&nbsp;&nbsp;&nbsp;&nbsp;&nbsp;&nbsp;&nbsp;&nbsp;&nbsp;&nbsp;&nbsp;&nbsp; Le concept lui paraissant int\u00e9ressant et plut\u00f4t ludique , \u00ab&nbsp;BANCO me dit-il , \u00e7\u00e0 tombe bien, depuis le temps que je r\u00eave d\u2019y participer ou d\u2019en organiser un&nbsp;!!&nbsp;\u00bb&nbsp;&nbsp;&nbsp;&nbsp;&nbsp;&nbsp;&nbsp;&nbsp;&nbsp;&nbsp;&nbsp;&nbsp;&nbsp;&nbsp;&nbsp;&nbsp;&nbsp;&nbsp;&nbsp;&nbsp;&nbsp;&nbsp;&nbsp;&nbsp;&nbsp;&nbsp;&nbsp;&nbsp;&nbsp;&nbsp;&nbsp;&nbsp; Et nous voil\u00e0 partis \u00e0 cr\u00e9er notre 1<sup>er<\/sup> rallye en 2005 . Nous \u00e9tions novices en ce temps-l\u00e0 , les \u00e9tapes \u00e9taient fort nombreuses et tout se d\u00e9roulait sur une seule journ\u00e9e sans h\u00e9bergement . Mais au fil des ann\u00e9es , nous avons peaufin\u00e9 nos week-ends et les participants se sont fait toujours plus nombreux . Certains sont partis , d\u2019autres sont arriv\u00e9s nous apportant leur enthousiasme mais aussi de nouvelles id\u00e9es , et nous les en remercions . Notre team de juges-arbitres s\u2019est , elle aussi , \u00e9toff\u00e9e par du sang neuf en la personne de Cyrille , vainqueur par deux fois comme concurrent , et qui nous arrive avec un bel esprit geek et une modernit\u00e9 de r\u00e9flexion ( qui commen\u00e7ait \u00e0 nous faire d\u00e9faut ) dans ses bagages .<\/p>\n\n\n\n<p>&nbsp;&nbsp;&nbsp;&nbsp;&nbsp;&nbsp;&nbsp;&nbsp;&nbsp;&nbsp;&nbsp;&nbsp;&nbsp;&nbsp; Voil\u00e0 donc la gen\u00e8se de cette belle aventure qui dure depuis deux d\u00e9cennies maintenant , surtout gr\u00e2ce \u00e0 vous parce que vous r\u00e9pondez encore et toujours pr\u00e9sent et demeurez fid\u00e8les \u00e0 nos rendez-vous .<\/p>\n\n\n\n<p>Merci \u00e0 tous , participants pass\u00e9s , pr\u00e9sents et futurs , et en route pour de nouvelles aventures \u2026\u2026\u2026.<\/p>\n\n\n\n<p>Jean-Antoine<\/p>\n","protected":false},"excerpt":{"rendered":"<p>&nbsp;&nbsp;&nbsp;&nbsp;&nbsp;&nbsp;&nbsp;&nbsp;&nbsp; A l\u2019aube des ann\u00e9es 2000, nous refaisions le monde autour d\u2019un vieux rhum par une belle nuit d\u2019\u00e9t\u00e9. j\u2019\u00e9voquais avec Daniel mon exp\u00e9rience en tant que participant puis organisateur de rallyes touristiques quelques temps avant et ce dans le but de passer un bon moment entre amis tout en d\u00e9couvrant nos agr\u00e9ables r\u00e9gions . [&hellip;]<\/p>\n","protected":false},"author":1,"featured_media":14,"parent":0,"menu_order":0,"comment_status":"closed","ping_status":"open","template":"","meta":{"footnotes":""},"class_list":["post-2","page","type-page","status-publish","has-post-thumbnail","hentry"],"_links":{"self":[{"href":"https:\/\/www.rallyestouristiques.fr\/index.php\/wp-json\/wp\/v2\/pages\/2","targetHints":{"allow":["GET"]}}],"collection":[{"href":"https:\/\/www.rallyestouristiques.fr\/index.php\/wp-json\/wp\/v2\/pages"}],"about":[{"href":"https:\/\/www.rallyestouristiques.fr\/index.php\/wp-json\/wp\/v2\/types\/page"}],"author":[{"embeddable":true,"href":"https:\/\/www.rallyestouristiques.fr\/index.php\/wp-json\/wp\/v2\/users\/1"}],"replies":[{"embeddable":true,"href":"https:\/\/www.rallyestouristiques.fr\/index.php\/wp-json\/wp\/v2\/comments?post=2"}],"version-history":[{"count":17,"href":"https:\/\/www.rallyestouristiques.fr\/index.php\/wp-json\/wp\/v2\/pages\/2\/revisions"}],"predecessor-version":[{"id":156,"href":"https:\/\/www.rallyestouristiques.fr\/index.php\/wp-json\/wp\/v2\/pages\/2\/revisions\/156"}],"wp:featuredmedia":[{"embeddable":true,"href":"https:\/\/www.rallyestouristiques.fr\/index.php\/wp-json\/wp\/v2\/media\/14"}],"wp:attachment":[{"href":"https:\/\/www.rallyestouristiques.fr\/index.php\/wp-json\/wp\/v2\/media?parent=2"}],"curies":[{"name":"wp","href":"https:\/\/api.w.org\/{rel}","templated":true}]}}